{"id":1668,"date":"2019-10-25T17:22:18","date_gmt":"2019-10-25T17:22:18","guid":{"rendered":"https:\/\/rompremartel.com\/general-dentistry\/prevention-cleaning\/"},"modified":"2023-02-14T13:54:00","modified_gmt":"2023-02-14T13:54:00","slug":"prevention-cleaning","status":"publish","type":"page","link":"https:\/\/rompremartel.com\/en\/general-dentistry\/prevention-cleaning\/","title":{"rendered":"Prevention \/ Cleaning"},"content":{"rendered":"[vc_row type=&#8221;in_container&#8221; full_screen_row_position=&#8221;middle&#8221; scene_position=&#8221;center&#8221; text_color=&#8221;dark&#8221; text_align=&#8221;left&#8221; top_padding=&#8221;2%&#8221; overlay_strength=&#8221;0.3&#8243; shape_divider_position=&#8221;bottom&#8221; bg_image_animation=&#8221;none&#8221; shape_type=&#8221;&#8221;][vc_column column_padding=&#8221;no-extra-padding&#8221; column_padding_position=&#8221;all&#8221; background_color_opacity=&#8221;1&#8243; background_hover_color_opacity=&#8221;1&#8243; column_link_target=&#8221;_self&#8221; column_shadow=&#8221;none&#8221; column_border_radius=&#8221;none&#8221; width=&#8221;5\/6&#8243; tablet_width_inherit=&#8221;default&#8221; tablet_text_alignment=&#8221;default&#8221; phone_text_alignment=&#8221;default&#8221; column_border_width=&#8221;none&#8221; column_border_style=&#8221;solid&#8221; bg_image_animation=&#8221;none&#8221;][vc_custom_heading text=&#8221;Prevention \/ Cleaning&#8221; use_theme_fonts=&#8221;yes&#8221;][vc_custom_heading text=&#8221;During your first visit to the clinic, a complete exam is an essential part of ensuring that you maintain proper oral health. Performed by the dentist and dental hygienist, the exam serves to identify any anomalies inside your mouth and adjacent structures, evaluate prostheses, and even detect certain cancers. It includes intraoral and panoramic X-rays. Following the complete examination, we can create a treatment plan adapted to your needs and expectations. Our staff will be happy to provide all the explanations you need and answer any questions you may have.&#8221; font_container=&#8221;tag:p|text_align:left&#8221; use_theme_fonts=&#8221;yes&#8221;][\/vc_column][vc_column column_padding=&#8221;no-extra-padding&#8221; column_padding_position=&#8221;all&#8221; background_color_opacity=&#8221;1&#8243; background_hover_color_opacity=&#8221;1&#8243; column_link_target=&#8221;_self&#8221; column_shadow=&#8221;none&#8221; column_border_radius=&#8221;none&#8221; width=&#8221;1\/6&#8243; tablet_width_inherit=&#8221;default&#8221; tablet_text_alignment=&#8221;default&#8221; phone_text_alignment=&#8221;default&#8221; column_border_width=&#8221;none&#8221; column_border_style=&#8221;solid&#8221; bg_image_animation=&#8221;none&#8221;][\/vc_column][\/vc_row][vc_row type=&#8221;in_container&#8221; full_screen_row_position=&#8221;middle&#8221; scene_position=&#8221;center&#8221; text_color=&#8221;dark&#8221; text_align=&#8221;left&#8221; top_padding=&#8221;1%&#8221; overlay_strength=&#8221;0.3&#8243; shape_divider_position=&#8221;bottom&#8221; bg_image_animation=&#8221;none&#8221; shape_type=&#8221;&#8221;][vc_column column_padding=&#8221;no-extra-padding&#8221; column_padding_position=&#8221;all&#8221; background_color_opacity=&#8221;1&#8243; background_hover_color_opacity=&#8221;1&#8243; column_link_target=&#8221;_self&#8221; column_shadow=&#8221;none&#8221; column_border_radius=&#8221;none&#8221; width=&#8221;5\/6&#8243; tablet_width_inherit=&#8221;default&#8221; tablet_text_alignment=&#8221;default&#8221; phone_text_alignment=&#8221;default&#8221; column_border_width=&#8221;none&#8221; column_border_style=&#8221;solid&#8221; bg_image_animation=&#8221;none&#8221;][vc_custom_heading text=&#8221;In order to keep your file up-to-date, we will generally perform routine examinations during your follow-up appointments, which occasionally require certain X-rays to be redone. We recommend undergoing a complete exam every 5 years to anticipate and prevent possible changes.&#8221; font_container=&#8221;tag:p|text_align:left&#8221; use_theme_fonts=&#8221;yes&#8221;][\/vc_column][vc_column column_padding=&#8221;no-extra-padding&#8221; column_padding_position=&#8221;all&#8221; background_color_opacity=&#8221;1&#8243; background_hover_color_opacity=&#8221;1&#8243; column_link_target=&#8221;_self&#8221; column_shadow=&#8221;none&#8221; column_border_radius=&#8221;none&#8221; width=&#8221;1\/6&#8243; tablet_width_inherit=&#8221;default&#8221; tablet_text_alignment=&#8221;default&#8221; phone_text_alignment=&#8221;default&#8221; column_border_width=&#8221;none&#8221; column_border_style=&#8221;solid&#8221; bg_image_animation=&#8221;none&#8221;][\/vc_column][\/vc_row][vc_row type=&#8221;in_container&#8221; full_screen_row_position=&#8221;middle&#8221; scene_position=&#8221;center&#8221; text_color=&#8221;dark&#8221; text_align=&#8221;left&#8221; top_padding=&#8221;1%&#8221; overlay_strength=&#8221;0.3&#8243; shape_divider_position=&#8221;bottom&#8221; bg_image_animation=&#8221;none&#8221; shape_type=&#8221;&#8221;][vc_column column_padding=&#8221;no-extra-padding&#8221; column_padding_position=&#8221;all&#8221; background_color_opacity=&#8221;1&#8243; background_hover_color_opacity=&#8221;1&#8243; column_link_target=&#8221;_self&#8221; column_shadow=&#8221;none&#8221; column_border_radius=&#8221;none&#8221; width=&#8221;5\/6&#8243; tablet_width_inherit=&#8221;default&#8221; tablet_text_alignment=&#8221;default&#8221; phone_text_alignment=&#8221;default&#8221; column_border_width=&#8221;none&#8221; column_border_style=&#8221;solid&#8221; bg_image_animation=&#8221;none&#8221;][vc_custom_heading text=&#8221;The frequency of your cleanings will be determined by the hygienist and dentist during your first appointment. Cleanings help eliminate plaque and tartar deposits on your teeth that can adversely affect your dental health and stain your teeth. During these appointments, we will also discuss hygiene techniques that are adapted to your oral condition.&#8221; font_container=&#8221;tag:p|text_align:left&#8221; use_theme_fonts=&#8221;yes&#8221;][\/vc_column][vc_column column_padding=&#8221;no-extra-padding&#8221; column_padding_position=&#8221;all&#8221; background_color_opacity=&#8221;1&#8243; background_hover_color_opacity=&#8221;1&#8243; column_link_target=&#8221;_self&#8221; column_shadow=&#8221;none&#8221; column_border_radius=&#8221;none&#8221; width=&#8221;1\/6&#8243; tablet_width_inherit=&#8221;default&#8221; tablet_text_alignment=&#8221;default&#8221; phone_text_alignment=&#8221;default&#8221; column_border_width=&#8221;none&#8221; column_border_style=&#8221;solid&#8221; bg_image_animation=&#8221;none&#8221;][\/vc_column][\/vc_row]\n","protected":false},"excerpt":{"rendered":"<p>[vc_row type=&#8221;in_container&#8221; full_screen_row_position=&#8221;middle&#8221; scene_position=&#8221;center&#8221; text_color=&#8221;dark&#8221; text_align=&#8221;left&#8221; top_padding=&#8221;2%&#8221; overlay_strength=&#8221;0.3&#8243; shape_divider_position=&#8221;bottom&#8221; bg_image_animation=&#8221;none&#8221; shape_type=&#8221;&#8221;][vc_column column_padding=&#8221;no-extra-padding&#8221; column_padding_position=&#8221;all&#8221; background_color_opacity=&#8221;1&#8243; background_hover_color_opacity=&#8221;1&#8243; column_link_target=&#8221;_self&#8221; column_shadow=&#8221;none&#8221; column_border_radius=&#8221;none&#8221; width=&#8221;5\/6&#8243; tablet_width_inherit=&#8221;default&#8221; tablet_text_alignment=&#8221;default&#8221; phone_text_alignment=&#8221;default&#8221; column_border_width=&#8221;none&#8221; column_border_style=&#8221;solid&#8221; bg_image_animation=&#8221;none&#8221;][vc_custom_heading text=&#8221;Prevention \/ Cleaning&#8221; use_theme_fonts=&#8221;yes&#8221;][vc_custom_heading text=&#8221;During&#8230;<\/p>\n","protected":false},"author":2,"featured_media":0,"parent":1665,"menu_order":0,"comment_status":"closed","ping_status":"closed","template":"page-sidebar.php","meta":{"footnotes":""},"class_list":["post-1668","page","type-page","status-publish"],"yoast_head":"<!-- This site is optimized with the Yoast SEO plugin v26.9 - https:\/\/yoast.com\/product\/yoast-seo-wordpress\/ -->\n<title>Preventive Dentistry &amp; Teeth Cleaning in Montreal | Rompr\u00e9 Martel<\/title>\n<meta name=\"description\" content=\"Gifted with a calm nature, Dr. Rompr\u00e9 and Dr. Martel are dedicated and skilled dentists in Anjou, Montr\u00e9al. Call us and book an appointment at our clinic today!\" \/>\n<meta name=\"robots\" content=\"index, follow, max-snippet:-1, max-image-preview:large, max-video-preview:-1\" \/>\n<link rel=\"canonical\" href=\"https:\/\/rompremartel.com\/en\/general-dentistry\/prevention-cleaning\/\" \/>\n<meta property=\"og:locale\" content=\"en_US\" \/>\n<meta property=\"og:type\" content=\"article\" \/>\n<meta property=\"og:title\" content=\"Preventive Dentistry &amp; Teeth Cleaning in Montreal | Rompr\u00e9 Martel\" \/>\n<meta property=\"og:description\" content=\"Gifted with a calm nature, Dr. Rompr\u00e9 and Dr. Martel are dedicated and skilled dentists in Anjou, Montr\u00e9al. Call us and book an appointment at our clinic today!\" \/>\n<meta property=\"og:url\" content=\"https:\/\/rompremartel.com\/en\/general-dentistry\/prevention-cleaning\/\" \/>\n<meta property=\"og:site_name\" content=\"Genevi\u00e8re Rompr\u00e9 Dental Clinic\" \/>\n<meta property=\"article:modified_time\" content=\"2023-02-14T13:54:00+00:00\" \/>\n<meta property=\"og:image\" content=\"https:\/\/rompremartel.com\/wp-content\/uploads\/2019\/10\/CLINIQUE_DENTAIRE_1200x628.jpg\" \/>\n\t<meta property=\"og:image:width\" content=\"1200\" \/>\n\t<meta property=\"og:image:height\" content=\"628\" \/>\n\t<meta property=\"og:image:type\" content=\"image\/jpeg\" \/>\n<meta name=\"twitter:card\" content=\"summary_large_image\" \/>\n<meta name=\"twitter:label1\" content=\"Est. reading time\" \/>\n\t<meta name=\"twitter:data1\" content=\"3 minutes\" \/>\n<script type=\"application\/ld+json\" class=\"yoast-schema-graph\">{\"@context\":\"https:\/\/schema.org\",\"@graph\":[{\"@type\":\"WebPage\",\"@id\":\"https:\/\/rompremartel.com\/en\/general-dentistry\/prevention-cleaning\/\",\"url\":\"https:\/\/rompremartel.com\/en\/general-dentistry\/prevention-cleaning\/\",\"name\":\"Preventive Dentistry & Teeth Cleaning in Montreal | Rompr\u00e9 Martel\",\"isPartOf\":{\"@id\":\"https:\/\/rompremartel.com\/en\/#website\"},\"datePublished\":\"2019-10-25T17:22:18+00:00\",\"dateModified\":\"2023-02-14T13:54:00+00:00\",\"description\":\"Gifted with a calm nature, Dr. Rompr\u00e9 and Dr. Martel are dedicated and skilled dentists in Anjou, Montr\u00e9al. Call us and book an appointment at our clinic today!\",\"breadcrumb\":{\"@id\":\"https:\/\/rompremartel.com\/en\/general-dentistry\/prevention-cleaning\/#breadcrumb\"},\"inLanguage\":\"en-US\",\"potentialAction\":[{\"@type\":\"ReadAction\",\"target\":[\"https:\/\/rompremartel.com\/en\/general-dentistry\/prevention-cleaning\/\"]}]},{\"@type\":\"BreadcrumbList\",\"@id\":\"https:\/\/rompremartel.com\/en\/general-dentistry\/prevention-cleaning\/#breadcrumb\",\"itemListElement\":[{\"@type\":\"ListItem\",\"position\":1,\"name\":\"Accueil\",\"item\":\"https:\/\/rompremartel.com\/en\/\"},{\"@type\":\"ListItem\",\"position\":2,\"name\":\"General dentistry\",\"item\":\"https:\/\/rompremartel.com\/en\/general-dentistry\/\"},{\"@type\":\"ListItem\",\"position\":3,\"name\":\"Prevention \/ Cleaning\"}]},{\"@type\":\"WebSite\",\"@id\":\"https:\/\/rompremartel.com\/en\/#website\",\"url\":\"https:\/\/rompremartel.com\/en\/\",\"name\":\"Genevi\u00e8re Rompr\u00e9 Dental Clinic\",\"description\":\"Your smile, our passion\",\"potentialAction\":[{\"@type\":\"SearchAction\",\"target\":{\"@type\":\"EntryPoint\",\"urlTemplate\":\"https:\/\/rompremartel.com\/en\/?s={search_term_string}\"},\"query-input\":{\"@type\":\"PropertyValueSpecification\",\"valueRequired\":true,\"valueName\":\"search_term_string\"}}],\"inLanguage\":\"en-US\"}]}<\/script>\n<!-- \/ Yoast SEO plugin. -->","yoast_head_json":{"title":"Preventive Dentistry & Teeth Cleaning in Montreal | Rompr\u00e9 Martel","description":"Gifted with a calm nature, Dr. Rompr\u00e9 and Dr. Martel are dedicated and skilled dentists in Anjou, Montr\u00e9al. Call us and book an appointment at our clinic today!","robots":{"index":"index","follow":"follow","max-snippet":"max-snippet:-1","max-image-preview":"max-image-preview:large","max-video-preview":"max-video-preview:-1"},"canonical":"https:\/\/rompremartel.com\/en\/general-dentistry\/prevention-cleaning\/","og_locale":"en_US","og_type":"article","og_title":"Preventive Dentistry & Teeth Cleaning in Montreal | Rompr\u00e9 Martel","og_description":"Gifted with a calm nature, Dr. Rompr\u00e9 and Dr. Martel are dedicated and skilled dentists in Anjou, Montr\u00e9al. Call us and book an appointment at our clinic today!","og_url":"https:\/\/rompremartel.com\/en\/general-dentistry\/prevention-cleaning\/","og_site_name":"Genevi\u00e8re Rompr\u00e9 Dental Clinic","article_modified_time":"2023-02-14T13:54:00+00:00","og_image":[{"width":1200,"height":628,"url":"https:\/\/rompremartel.com\/wp-content\/uploads\/2019\/10\/CLINIQUE_DENTAIRE_1200x628.jpg","type":"image\/jpeg"}],"twitter_card":"summary_large_image","twitter_misc":{"Est. reading time":"3 minutes"},"schema":{"@context":"https:\/\/schema.org","@graph":[{"@type":"WebPage","@id":"https:\/\/rompremartel.com\/en\/general-dentistry\/prevention-cleaning\/","url":"https:\/\/rompremartel.com\/en\/general-dentistry\/prevention-cleaning\/","name":"Preventive Dentistry & Teeth Cleaning in Montreal | Rompr\u00e9 Martel","isPartOf":{"@id":"https:\/\/rompremartel.com\/en\/#website"},"datePublished":"2019-10-25T17:22:18+00:00","dateModified":"2023-02-14T13:54:00+00:00","description":"Gifted with a calm nature, Dr. Rompr\u00e9 and Dr. Martel are dedicated and skilled dentists in Anjou, Montr\u00e9al. Call us and book an appointment at our clinic today!","breadcrumb":{"@id":"https:\/\/rompremartel.com\/en\/general-dentistry\/prevention-cleaning\/#breadcrumb"},"inLanguage":"en-US","potentialAction":[{"@type":"ReadAction","target":["https:\/\/rompremartel.com\/en\/general-dentistry\/prevention-cleaning\/"]}]},{"@type":"BreadcrumbList","@id":"https:\/\/rompremartel.com\/en\/general-dentistry\/prevention-cleaning\/#breadcrumb","itemListElement":[{"@type":"ListItem","position":1,"name":"Accueil","item":"https:\/\/rompremartel.com\/en\/"},{"@type":"ListItem","position":2,"name":"General dentistry","item":"https:\/\/rompremartel.com\/en\/general-dentistry\/"},{"@type":"ListItem","position":3,"name":"Prevention \/ Cleaning"}]},{"@type":"WebSite","@id":"https:\/\/rompremartel.com\/en\/#website","url":"https:\/\/rompremartel.com\/en\/","name":"Genevi\u00e8re Rompr\u00e9 Dental Clinic","description":"Your smile, our passion","potentialAction":[{"@type":"SearchAction","target":{"@type":"EntryPoint","urlTemplate":"https:\/\/rompremartel.com\/en\/?s={search_term_string}"},"query-input":{"@type":"PropertyValueSpecification","valueRequired":true,"valueName":"search_term_string"}}],"inLanguage":"en-US"}]}},"_links":{"self":[{"href":"https:\/\/rompremartel.com\/en\/wp-json\/wp\/v2\/pages\/1668","targetHints":{"allow":["GET"]}}],"collection":[{"href":"https:\/\/rompremartel.com\/en\/wp-json\/wp\/v2\/pages"}],"about":[{"href":"https:\/\/rompremartel.com\/en\/wp-json\/wp\/v2\/types\/page"}],"author":[{"embeddable":true,"href":"https:\/\/rompremartel.com\/en\/wp-json\/wp\/v2\/users\/2"}],"replies":[{"embeddable":true,"href":"https:\/\/rompremartel.com\/en\/wp-json\/wp\/v2\/comments?post=1668"}],"version-history":[{"count":1,"href":"https:\/\/rompremartel.com\/en\/wp-json\/wp\/v2\/pages\/1668\/revisions"}],"predecessor-version":[{"id":1994,"href":"https:\/\/rompremartel.com\/en\/wp-json\/wp\/v2\/pages\/1668\/revisions\/1994"}],"up":[{"embeddable":true,"href":"https:\/\/rompremartel.com\/en\/wp-json\/wp\/v2\/pages\/1665"}],"wp:attachment":[{"href":"https:\/\/rompremartel.com\/en\/wp-json\/wp\/v2\/media?parent=1668"}],"curies":[{"name":"wp","href":"https:\/\/api.w.org\/{rel}","templated":true}]}}