{"id":1786,"date":"2019-10-29T19:08:45","date_gmt":"2019-10-29T19:08:45","guid":{"rendered":"https:\/\/rompremartel.com\/our-team\/"},"modified":"2023-02-14T13:53:37","modified_gmt":"2023-02-14T13:53:37","slug":"our-team","status":"publish","type":"page","link":"https:\/\/rompremartel.com\/en\/our-team\/","title":{"rendered":"Our team"},"content":{"rendered":"[vc_row type=&#8221;in_container&#8221; full_screen_row_position=&#8221;middle&#8221; scene_position=&#8221;center&#8221; text_color=&#8221;dark&#8221; text_align=&#8221;left&#8221; top_padding=&#8221;2%&#8221; bottom_padding=&#8221;5%&#8221; overlay_strength=&#8221;0.3&#8243; shape_divider_position=&#8221;bottom&#8221; bg_image_animation=&#8221;none&#8221; shape_type=&#8221;&#8221;][vc_column column_padding=&#8221;no-extra-padding&#8221; column_padding_position=&#8221;all&#8221; background_color_opacity=&#8221;1&#8243; background_hover_color_opacity=&#8221;1&#8243; column_link_target=&#8221;_self&#8221; column_shadow=&#8221;none&#8221; column_border_radius=&#8221;none&#8221; width=&#8221;1\/1&#8243; tablet_width_inherit=&#8221;default&#8221; tablet_text_alignment=&#8221;default&#8221; phone_text_alignment=&#8221;default&#8221; column_border_width=&#8221;none&#8221; column_border_style=&#8221;solid&#8221; bg_image_animation=&#8221;none&#8221;][vc_row_inner column_margin=&#8221;default&#8221; bottom_padding=&#8221;60&#8243; text_align=&#8221;left&#8221;][vc_column_inner column_padding=&#8221;no-extra-padding&#8221; column_padding_position=&#8221;all&#8221; centered_text=&#8221;true&#8221; background_color_opacity=&#8221;1&#8243; background_hover_color_opacity=&#8221;1&#8243; column_shadow=&#8221;none&#8221; column_border_radius=&#8221;none&#8221; column_link_target=&#8221;_self&#8221; width=&#8221;1\/1&#8243; tablet_width_inherit=&#8221;default&#8221; column_border_width=&#8221;none&#8221; column_border_style=&#8221;solid&#8221; bg_image_animation=&#8221;none&#8221;][vc_custom_heading text=&#8221;Meet our team&#8221; use_theme_fonts=&#8221;yes&#8221;][vc_column_text max_width=&#8221;650&#8243;]\n<p style=\"text-align: left;\">Knowledge is the foundation of any dental treatment. That\u2019s why our team prioritizes continuing education for our dentists. We are confident that our dental care and services provided will meet your expectations and needs, with safety and stringent cleanliness standards in mind.<\/p>\n<div class=\"page\" title=\"Page 6\">\n<div class=\"section\">\n<div class=\"layoutArea\">\n<div class=\"column\">\n<p style=\"text-align: left;\">Our dental clinic\u2019s exceptional team is ready to provide all of the care and effort necessary to achieve your preventive, curative, and aesthetic goals.<\/p>\n<\/div>\n<\/div>\n<\/div>\n<\/div>\n[\/vc_column_text][\/vc_column_inner][\/vc_row_inner][vc_row_inner content_placement=&#8221;bottom&#8221; column_margin=&#8221;default&#8221; text_align=&#8221;left&#8221;][vc_column_inner column_padding=&#8221;no-extra-padding&#8221; column_padding_position=&#8221;all&#8221; background_color_opacity=&#8221;1&#8243; background_hover_color_opacity=&#8221;1&#8243; column_shadow=&#8221;none&#8221; column_border_radius=&#8221;none&#8221; column_link_target=&#8221;_self&#8221; width=&#8221;1\/3&#8243; tablet_width_inherit=&#8221;default&#8221; column_border_width=&#8221;none&#8221; column_border_style=&#8221;solid&#8221; bg_image_animation=&#8221;none&#8221;][team_member image_url=&#8221;234&#8243; bio_image_url=&#8221;247&#8243; team_memeber_style=&#8221;bio_fullscreen&#8221; name=&#8221;Dr. Rompr\u00e9&#8221; team_member_bio=&#8221;A graduate of the class of 1995, Dr. Rompr\u00e9 has always been passionate about her profession. Having owned this clinic since 1999, she has made it her mission to keep her professional knowledge up-to-date in order to provide services that adhere to the highest of quality standards. Her approach is based on listening, understanding, and mutual trust. Gifted with a calm and composed nature, her service is sure to exceed expectations and meet all of your needs.&#8221;][\/vc_column_inner][vc_column_inner column_padding=&#8221;no-extra-padding&#8221; column_padding_position=&#8221;all&#8221; background_color_opacity=&#8221;1&#8243; background_hover_color_opacity=&#8221;1&#8243; column_shadow=&#8221;none&#8221; column_border_radius=&#8221;none&#8221; column_link_target=&#8221;_self&#8221; width=&#8221;1\/3&#8243; tablet_width_inherit=&#8221;default&#8221; column_border_width=&#8221;none&#8221; column_border_style=&#8221;solid&#8221; bg_image_animation=&#8221;none&#8221;][team_member image_url=&#8221;224&#8243; bio_image_url=&#8221;237&#8243; team_memeber_style=&#8221;bio_fullscreen&#8221; name=&#8221;Dr. Martel&#8221; team_member_bio=&#8221;It is with great enthusiasm that Dr. Camille Martel joined our team in November 2017.<br \/>\nAfter having completed a Bachelor of Medical Biology from the Universite\u0301 du Que\u0301bec a\u0300 Trois-Rivie\u0300res, she continued her studies in dental medicine at the Universit\u00e9 de Laval, where she earned her Ph.D. in 2017.<br \/>\nHer insatiable intellectual curiosity and a love for travel culminated in an internship in Bordeaux, France during her studies.<br \/>\nHer desire to provide high-quality treatments and her passion for dentistry led her to pursue further training in various subjects including gum grafts, aesthetic dentistry, dental surgery, and orthodontics.<br \/>\nDr. Martel is devoted to providing quality care with a focus on her patients\u2019 well-being. She looks forward to meeting you.&#8221;][\/vc_column_inner][vc_column_inner column_padding=&#8221;no-extra-padding&#8221; column_padding_position=&#8221;all&#8221; background_color_opacity=&#8221;1&#8243; background_hover_color_opacity=&#8221;1&#8243; column_shadow=&#8221;none&#8221; column_border_radius=&#8221;none&#8221; column_link_target=&#8221;_self&#8221; width=&#8221;1\/3&#8243; tablet_width_inherit=&#8221;default&#8221; column_border_width=&#8221;none&#8221; column_border_style=&#8221;solid&#8221; bg_image_animation=&#8221;none&#8221;][team_member image_url=&#8221;229&#8243; bio_image_url=&#8221;242&#8243; team_memeber_style=&#8221;bio_fullscreen&#8221; name=&#8221;Dr. Laporte&#8221; team_member_bio=&#8221;After graduating from the Universit\u00e9 de Laval in 2010, Dr. Laporte earned a certificate of multidisciplinary residency at the Universit\u00e9 de Mont and Notre-Dame Hospital in 2011. Over the course of that year, she acquired a wealth of surgery experience. After having practiced general dentistry for many years, she is now channeling her expertise into oral surgery at our clinic.&#8221;][\/vc_column_inner][\/vc_row_inner][vc_row_inner column_margin=&#8221;default&#8221; text_align=&#8221;left&#8221;][vc_column_inner column_padding=&#8221;no-extra-padding&#8221; column_padding_position=&#8221;all&#8221; background_color_opacity=&#8221;1&#8243; background_hover_color_opacity=&#8221;1&#8243; column_shadow=&#8221;none&#8221; column_border_radius=&#8221;none&#8221; column_link_target=&#8221;_self&#8221; width=&#8221;1\/3&#8243; tablet_width_inherit=&#8221;default&#8221; column_border_width=&#8221;none&#8221; column_border_style=&#8221;solid&#8221; bg_image_animation=&#8221;none&#8221;][team_member image_url=&#8221;230&#8243; bio_image_url=&#8221;243&#8243; team_memeber_style=&#8221;bio_fullscreen&#8221; name=&#8221;Chantal&#8221; team_member_bio=&#8221;Chantal has been a dental hygienist since 1988 and has been a part of our team since 2003. Thanks to her experience and professionalism, she understands exactly how to guide you towards achieving excellent oral health.&#8221;][\/vc_column_inner][vc_column_inner column_padding=&#8221;no-extra-padding&#8221; column_padding_position=&#8221;all&#8221; background_color_opacity=&#8221;1&#8243; background_hover_color_opacity=&#8221;1&#8243; column_shadow=&#8221;none&#8221; column_border_radius=&#8221;none&#8221; column_link_target=&#8221;_self&#8221; width=&#8221;1\/3&#8243; tablet_width_inherit=&#8221;default&#8221; column_border_width=&#8221;none&#8221; column_border_style=&#8221;solid&#8221; bg_image_animation=&#8221;none&#8221;][team_member image_url=&#8221;232&#8243; bio_image_url=&#8221;1809&#8243; team_memeber_style=&#8221;bio_fullscreen&#8221; name=&#8221;Emilie T.&#8221; team_member_bio=&#8221;As a member of our team since 2014, Emilie will provide quality hygiene care with a gentle hand. We\u2019re positive that her smile and friendly demeanour will leave you feeling charmed.&#8221;][\/vc_column_inner][vc_column_inner column_padding=&#8221;no-extra-padding&#8221; column_padding_position=&#8221;all&#8221; background_color_opacity=&#8221;1&#8243; background_hover_color_opacity=&#8221;1&#8243; column_shadow=&#8221;none&#8221; column_border_radius=&#8221;none&#8221; column_link_target=&#8221;_self&#8221; width=&#8221;1\/3&#8243; tablet_width_inherit=&#8221;default&#8221; column_border_width=&#8221;none&#8221; column_border_style=&#8221;solid&#8221; bg_image_animation=&#8221;none&#8221;][team_member image_url=&#8221;223&#8243; bio_image_url=&#8221;236&#8243; team_memeber_style=&#8221;bio_fullscreen&#8221; name=&#8221;Chantal B.&#8221; team_member_bio=&#8221;Chantal is a full-time teacher at C\u00e9gep de Lanaudi\u00e8re in dental hygiene. In her eyes, it\u2019s very important to remain connected to a professional environment, so she\u2019s joined our team to share her passion for a few hours every week.<br \/>\nIt is a privilege to have her with us. Her skills and positive attitude are a pleasure to be around!&#8221;][\/vc_column_inner][\/vc_row_inner][vc_row_inner column_margin=&#8221;default&#8221; text_align=&#8221;left&#8221;][vc_column_inner column_padding=&#8221;no-extra-padding&#8221; column_padding_position=&#8221;all&#8221; background_color_opacity=&#8221;1&#8243; background_hover_color_opacity=&#8221;1&#8243; column_shadow=&#8221;none&#8221; column_border_radius=&#8221;none&#8221; column_link_target=&#8221;_self&#8221; width=&#8221;1\/3&#8243; tablet_width_inherit=&#8221;default&#8221; column_border_width=&#8221;none&#8221; column_border_style=&#8221;solid&#8221; bg_image_animation=&#8221;none&#8221;][team_member image_url=&#8221;1286&#8243; bio_image_url=&#8221;1286&#8243; team_memeber_style=&#8221;bio_fullscreen&#8221; name=&#8221;Catherine&#8221; team_member_bio=&#8221;Catherine, one of our dental hygienists, got her degree from Coll\u00e8ge \u00c9douard-Montpetit in 2019.<br \/>\nKind, gentle, and exceptionally professional, she is quick to earn people\u2019s respect and is an essential part of our team. She always goes in-depth when it\u2019s time to advise our patients about how to maintain proper oral health.&#8221;][\/vc_column_inner][vc_column_inner column_padding=&#8221;no-extra-padding&#8221; column_padding_position=&#8221;all&#8221; background_color_opacity=&#8221;1&#8243; background_hover_color_opacity=&#8221;1&#8243; column_shadow=&#8221;none&#8221; column_border_radius=&#8221;none&#8221; column_link_target=&#8221;_self&#8221; width=&#8221;1\/3&#8243; tablet_width_inherit=&#8221;default&#8221; column_border_width=&#8221;none&#8221; column_border_style=&#8221;solid&#8221; bg_image_animation=&#8221;none&#8221;][team_member image_url=&#8221;227&#8243; bio_image_url=&#8221;240&#8243; team_memeber_style=&#8221;bio_fullscreen&#8221; name=&#8221;Jos\u00e9e&#8221; team_member_bio=&#8221;Jos\u00e9e joined our team in 1999 and is currently a member of the administration. Her experience and versatility make her not only unique, but also irreplaceable.&#8221;][\/vc_column_inner][vc_column_inner column_padding=&#8221;no-extra-padding&#8221; column_padding_position=&#8221;all&#8221; background_color_opacity=&#8221;1&#8243; background_hover_color_opacity=&#8221;1&#8243; column_shadow=&#8221;none&#8221; column_border_radius=&#8221;none&#8221; column_link_target=&#8221;_self&#8221; width=&#8221;1\/3&#8243; tablet_width_inherit=&#8221;default&#8221; column_border_width=&#8221;none&#8221; column_border_style=&#8221;solid&#8221; bg_image_animation=&#8221;none&#8221;][team_member image_url=&#8221;228&#8243; bio_image_url=&#8221;241&#8243; team_memeber_style=&#8221;bio_fullscreen&#8221; name=&#8221;Alexandra&#8221; team_member_bio=&#8221;Having graduated from Maryse Richard dental secretary school in 2017, Alexandra will be able to answer all of your questions with exceptional attention to detail. Her smile is sure to win you over.&#8221;][\/vc_column_inner][\/vc_row_inner][vc_row_inner column_margin=&#8221;default&#8221; text_align=&#8221;left&#8221;][vc_column_inner column_padding=&#8221;no-extra-padding&#8221; column_padding_position=&#8221;all&#8221; background_color_opacity=&#8221;1&#8243; background_hover_color_opacity=&#8221;1&#8243; column_shadow=&#8221;none&#8221; column_border_radius=&#8221;none&#8221; column_link_target=&#8221;_self&#8221; width=&#8221;1\/3&#8243; tablet_width_inherit=&#8221;default&#8221; column_border_width=&#8221;none&#8221; column_border_style=&#8221;solid&#8221; bg_image_animation=&#8221;none&#8221;][team_member image_url=&#8221;1288&#8243; bio_image_url=&#8221;1288&#8243; team_memeber_style=&#8221;bio_fullscreen&#8221; name=&#8221;Sabrina&#8221; team_member_bio=&#8221;Sabrina graduated from the \u00c9cole des M\u00e9tiers des Faubourgs-de-Montr\u00e9al, and has been a dental assistant since 2007. She joined our team in 2018. Multi-talented and deeply committed, she has quickly become a trusted teammate both at the front desk and beside the dentist\u2019s chair. Don\u2019t be shy to tap into her well of knowledge!&#8221;][\/vc_column_inner][vc_column_inner column_padding=&#8221;no-extra-padding&#8221; column_padding_position=&#8221;all&#8221; background_color_opacity=&#8221;1&#8243; background_hover_color_opacity=&#8221;1&#8243; column_shadow=&#8221;none&#8221; column_border_radius=&#8221;none&#8221; column_link_target=&#8221;_self&#8221; width=&#8221;1\/3&#8243; tablet_width_inherit=&#8221;default&#8221; column_border_width=&#8221;none&#8221; column_border_style=&#8221;solid&#8221; bg_image_animation=&#8221;none&#8221;][team_member image_url=&#8221;231&#8243; bio_image_url=&#8221;244&#8243; team_memeber_style=&#8221;bio_fullscreen&#8221; name=&#8221;Johanne&#8221; team_member_bio=&#8221;Brimming with smiles and kindness, Johanne knows exactly how to provide exceptional service as soon as you walk through the door. Her experience in the field will make you feel at ease starting with your first visit.&#8221;][\/vc_column_inner][vc_column_inner column_padding=&#8221;no-extra-padding&#8221; column_padding_position=&#8221;all&#8221; background_color_opacity=&#8221;1&#8243; background_hover_color_opacity=&#8221;1&#8243; column_shadow=&#8221;none&#8221; column_border_radius=&#8221;none&#8221; column_link_target=&#8221;_self&#8221; width=&#8221;1\/3&#8243; tablet_width_inherit=&#8221;default&#8221; column_border_width=&#8221;none&#8221; column_border_style=&#8221;solid&#8221; bg_image_animation=&#8221;none&#8221;][team_member image_url=&#8221;1278&#8243; bio_image_url=&#8221;1282&#8243; team_memeber_style=&#8221;bio_fullscreen&#8221; name=&#8221;Lyne&#8221; team_member_bio=&#8221;yne earned her dental assistant diploma in 2007. She has worked alongside Dr. Rompr\u00e9 since 2013. Her capacity for listening and her devotion will put you at ease throughout your treatment.&#8221;][\/vc_column_inner][\/vc_row_inner][vc_row_inner column_margin=&#8221;default&#8221; text_align=&#8221;left&#8221;][vc_column_inner column_padding=&#8221;no-extra-padding&#8221; column_padding_position=&#8221;all&#8221; background_color_opacity=&#8221;1&#8243; background_hover_color_opacity=&#8221;1&#8243; column_shadow=&#8221;none&#8221; column_border_radius=&#8221;none&#8221; column_link_target=&#8221;_self&#8221; width=&#8221;1\/3&#8243; tablet_width_inherit=&#8221;default&#8221; column_border_width=&#8221;none&#8221; column_border_style=&#8221;solid&#8221; bg_image_animation=&#8221;none&#8221;][team_member image_url=&#8221;226&#8243; bio_image_url=&#8221;239&#8243; team_memeber_style=&#8221;bio_fullscreen&#8221; name=&#8221;Emilie B.&#8221; team_member_bio=&#8221;Emilie joined our team after earning her dental assistant diploma in 2014. Her empathetic nature and capacity for listening make her a perfect fit for Dr. Martel.&#8221;][\/vc_column_inner][vc_column_inner column_padding=&#8221;no-extra-padding&#8221; column_padding_position=&#8221;all&#8221; background_color_opacity=&#8221;1&#8243; background_hover_color_opacity=&#8221;1&#8243; column_shadow=&#8221;none&#8221; column_border_radius=&#8221;none&#8221; column_link_target=&#8221;_self&#8221; width=&#8221;1\/3&#8243; tablet_width_inherit=&#8221;default&#8221; column_border_width=&#8221;none&#8221; column_border_style=&#8221;solid&#8221; bg_image_animation=&#8221;none&#8221;][team_member image_url=&#8221;225&#8243; bio_image_url=&#8221;238&#8243; team_memeber_style=&#8221;bio_fullscreen&#8221; name=&#8221;No\u00e9mie&#8221; team_member_bio=&#8221;Having graduated from l\u2019\u00e9cole des m\u00e9tiers de Faubourg as a dental assistant in 2012, No\u00e9mie has worked alongside Dr. Rompr\u00e9 since 2017. Her smile and kindness make her a wonderful addition to the team.&#8221;][\/vc_column_inner][vc_column_inner column_padding=&#8221;no-extra-padding&#8221; column_padding_position=&#8221;all&#8221; background_color_opacity=&#8221;1&#8243; background_hover_color_opacity=&#8221;1&#8243; column_shadow=&#8221;none&#8221; column_border_radius=&#8221;none&#8221; column_link_target=&#8221;_self&#8221; width=&#8221;1\/3&#8243; tablet_width_inherit=&#8221;default&#8221; column_border_width=&#8221;none&#8221; column_border_style=&#8221;solid&#8221; bg_image_animation=&#8221;none&#8221;][\/vc_column_inner][\/vc_row_inner][\/vc_column][\/vc_row]\n","protected":false},"excerpt":{"rendered":"<p>[vc_row type=&#8221;in_container&#8221; full_screen_row_position=&#8221;middle&#8221; scene_position=&#8221;center&#8221; text_color=&#8221;dark&#8221; text_align=&#8221;left&#8221; top_padding=&#8221;2%&#8221; bottom_padding=&#8221;5%&#8221; overlay_strength=&#8221;0.3&#8243; shape_divider_position=&#8221;bottom&#8221; bg_image_animation=&#8221;none&#8221; shape_type=&#8221;&#8221;][vc_column column_padding=&#8221;no-extra-padding&#8221; column_padding_position=&#8221;all&#8221; background_color_opacity=&#8221;1&#8243; background_hover_color_opacity=&#8221;1&#8243; column_link_target=&#8221;_self&#8221; column_shadow=&#8221;none&#8221; column_border_radius=&#8221;none&#8221; width=&#8221;1\/1&#8243; tablet_width_inherit=&#8221;default&#8221; tablet_text_alignment=&#8221;default&#8221; phone_text_alignment=&#8221;default&#8221; column_border_width=&#8221;none&#8221; column_border_style=&#8221;solid&#8221; bg_image_animation=&#8221;none&#8221;][vc_row_inner column_margin=&#8221;default&#8221; bottom_padding=&#8221;60&#8243; text_align=&#8221;left&#8221;][vc_column_inner column_padding=&#8221;no-extra-padding&#8221;&#8230;<\/p>\n","protected":false},"author":2,"featured_media":0,"parent":0,"menu_order":0,"comment_status":"closed","ping_status":"closed","template":"page-sidebar.php","meta":{"footnotes":""},"class_list":["post-1786","page","type-page","status-publish"],"yoast_head":"<!-- This site is optimized with the Yoast SEO plugin v26.9 - https:\/\/yoast.com\/product\/yoast-seo-wordpress\/ -->\n<title>Our Team | Rompr\u00e9 Martel Dental Clinic<\/title>\n<meta name=\"robots\" content=\"index, follow, max-snippet:-1, max-image-preview:large, max-video-preview:-1\" \/>\n<link rel=\"canonical\" href=\"https:\/\/rompremartel.com\/en\/our-team\/\" \/>\n<meta property=\"og:locale\" content=\"en_US\" \/>\n<meta property=\"og:type\" content=\"article\" \/>\n<meta property=\"og:title\" content=\"Our Team | Rompr\u00e9 Martel Dental Clinic\" \/>\n<meta property=\"og:description\" content=\"[vc_row type=&#8221;in_container&#8221; full_screen_row_position=&#8221;middle&#8221; scene_position=&#8221;center&#8221; text_color=&#8221;dark&#8221; text_align=&#8221;left&#8221; top_padding=&#8221;2%&#8221; bottom_padding=&#8221;5%&#8221; overlay_strength=&#8221;0.3&#8243; shape_divider_position=&#8221;bottom&#8221; bg_image_animation=&#8221;none&#8221; shape_type=&#8221;&#8221;][vc_column column_padding=&#8221;no-extra-padding&#8221; column_padding_position=&#8221;all&#8221; background_color_opacity=&#8221;1&#8243; background_hover_color_opacity=&#8221;1&#8243; column_link_target=&#8221;_self&#8221; column_shadow=&#8221;none&#8221; column_border_radius=&#8221;none&#8221; width=&#8221;1\/1&#8243; tablet_width_inherit=&#8221;default&#8221; tablet_text_alignment=&#8221;default&#8221; phone_text_alignment=&#8221;default&#8221; column_border_width=&#8221;none&#8221; column_border_style=&#8221;solid&#8221; bg_image_animation=&#8221;none&#8221;][vc_row_inner column_margin=&#8221;default&#8221; bottom_padding=&#8221;60&#8243; text_align=&#8221;left&#8221;][vc_column_inner column_padding=&#8221;no-extra-padding&#8221;...\" \/>\n<meta property=\"og:url\" content=\"https:\/\/rompremartel.com\/en\/our-team\/\" \/>\n<meta property=\"og:site_name\" content=\"Genevi\u00e8re Rompr\u00e9 Dental Clinic\" \/>\n<meta property=\"article:modified_time\" content=\"2023-02-14T13:53:37+00:00\" \/>\n<meta property=\"og:image\" content=\"https:\/\/rompremartel.com\/wp-content\/uploads\/2019\/10\/CLINIQUE_DENTAIRE_1200x628.jpg\" \/>\n\t<meta property=\"og:image:width\" content=\"1200\" \/>\n\t<meta property=\"og:image:height\" content=\"628\" \/>\n\t<meta property=\"og:image:type\" content=\"image\/jpeg\" \/>\n<meta name=\"twitter:card\" content=\"summary_large_image\" \/>\n<meta name=\"twitter:label1\" content=\"Est. reading time\" \/>\n\t<meta name=\"twitter:data1\" content=\"10 minutes\" \/>\n<script type=\"application\/ld+json\" class=\"yoast-schema-graph\">{\"@context\":\"https:\/\/schema.org\",\"@graph\":[{\"@type\":\"WebPage\",\"@id\":\"https:\/\/rompremartel.com\/en\/our-team\/\",\"url\":\"https:\/\/rompremartel.com\/en\/our-team\/\",\"name\":\"Our Team | Rompr\u00e9 Martel Dental Clinic\",\"isPartOf\":{\"@id\":\"https:\/\/rompremartel.com\/en\/#website\"},\"datePublished\":\"2019-10-29T19:08:45+00:00\",\"dateModified\":\"2023-02-14T13:53:37+00:00\",\"breadcrumb\":{\"@id\":\"https:\/\/rompremartel.com\/en\/our-team\/#breadcrumb\"},\"inLanguage\":\"en-US\",\"potentialAction\":[{\"@type\":\"ReadAction\",\"target\":[\"https:\/\/rompremartel.com\/en\/our-team\/\"]}]},{\"@type\":\"BreadcrumbList\",\"@id\":\"https:\/\/rompremartel.com\/en\/our-team\/#breadcrumb\",\"itemListElement\":[{\"@type\":\"ListItem\",\"position\":1,\"name\":\"Accueil\",\"item\":\"https:\/\/rompremartel.com\/en\/\"},{\"@type\":\"ListItem\",\"position\":2,\"name\":\"Our team\"}]},{\"@type\":\"WebSite\",\"@id\":\"https:\/\/rompremartel.com\/en\/#website\",\"url\":\"https:\/\/rompremartel.com\/en\/\",\"name\":\"Genevi\u00e8re Rompr\u00e9 Dental Clinic\",\"description\":\"Your smile, our passion\",\"potentialAction\":[{\"@type\":\"SearchAction\",\"target\":{\"@type\":\"EntryPoint\",\"urlTemplate\":\"https:\/\/rompremartel.com\/en\/?s={search_term_string}\"},\"query-input\":{\"@type\":\"PropertyValueSpecification\",\"valueRequired\":true,\"valueName\":\"search_term_string\"}}],\"inLanguage\":\"en-US\"}]}<\/script>\n<!-- \/ Yoast SEO plugin. -->","yoast_head_json":{"title":"Our Team | Rompr\u00e9 Martel Dental Clinic","robots":{"index":"index","follow":"follow","max-snippet":"max-snippet:-1","max-image-preview":"max-image-preview:large","max-video-preview":"max-video-preview:-1"},"canonical":"https:\/\/rompremartel.com\/en\/our-team\/","og_locale":"en_US","og_type":"article","og_title":"Our Team | Rompr\u00e9 Martel Dental Clinic","og_description":"[vc_row type=&#8221;in_container&#8221; full_screen_row_position=&#8221;middle&#8221; scene_position=&#8221;center&#8221; text_color=&#8221;dark&#8221; text_align=&#8221;left&#8221; top_padding=&#8221;2%&#8221; bottom_padding=&#8221;5%&#8221; overlay_strength=&#8221;0.3&#8243; shape_divider_position=&#8221;bottom&#8221; bg_image_animation=&#8221;none&#8221; shape_type=&#8221;&#8221;][vc_column column_padding=&#8221;no-extra-padding&#8221; column_padding_position=&#8221;all&#8221; background_color_opacity=&#8221;1&#8243; background_hover_color_opacity=&#8221;1&#8243; column_link_target=&#8221;_self&#8221; column_shadow=&#8221;none&#8221; column_border_radius=&#8221;none&#8221; width=&#8221;1\/1&#8243; tablet_width_inherit=&#8221;default&#8221; tablet_text_alignment=&#8221;default&#8221; phone_text_alignment=&#8221;default&#8221; column_border_width=&#8221;none&#8221; column_border_style=&#8221;solid&#8221; bg_image_animation=&#8221;none&#8221;][vc_row_inner column_margin=&#8221;default&#8221; bottom_padding=&#8221;60&#8243; text_align=&#8221;left&#8221;][vc_column_inner column_padding=&#8221;no-extra-padding&#8221;...","og_url":"https:\/\/rompremartel.com\/en\/our-team\/","og_site_name":"Genevi\u00e8re Rompr\u00e9 Dental Clinic","article_modified_time":"2023-02-14T13:53:37+00:00","og_image":[{"width":1200,"height":628,"url":"https:\/\/rompremartel.com\/wp-content\/uploads\/2019\/10\/CLINIQUE_DENTAIRE_1200x628.jpg","type":"image\/jpeg"}],"twitter_card":"summary_large_image","twitter_misc":{"Est. reading time":"10 minutes"},"schema":{"@context":"https:\/\/schema.org","@graph":[{"@type":"WebPage","@id":"https:\/\/rompremartel.com\/en\/our-team\/","url":"https:\/\/rompremartel.com\/en\/our-team\/","name":"Our Team | Rompr\u00e9 Martel Dental Clinic","isPartOf":{"@id":"https:\/\/rompremartel.com\/en\/#website"},"datePublished":"2019-10-29T19:08:45+00:00","dateModified":"2023-02-14T13:53:37+00:00","breadcrumb":{"@id":"https:\/\/rompremartel.com\/en\/our-team\/#breadcrumb"},"inLanguage":"en-US","potentialAction":[{"@type":"ReadAction","target":["https:\/\/rompremartel.com\/en\/our-team\/"]}]},{"@type":"BreadcrumbList","@id":"https:\/\/rompremartel.com\/en\/our-team\/#breadcrumb","itemListElement":[{"@type":"ListItem","position":1,"name":"Accueil","item":"https:\/\/rompremartel.com\/en\/"},{"@type":"ListItem","position":2,"name":"Our team"}]},{"@type":"WebSite","@id":"https:\/\/rompremartel.com\/en\/#website","url":"https:\/\/rompremartel.com\/en\/","name":"Genevi\u00e8re Rompr\u00e9 Dental Clinic","description":"Your smile, our passion","potentialAction":[{"@type":"SearchAction","target":{"@type":"EntryPoint","urlTemplate":"https:\/\/rompremartel.com\/en\/?s={search_term_string}"},"query-input":{"@type":"PropertyValueSpecification","valueRequired":true,"valueName":"search_term_string"}}],"inLanguage":"en-US"}]}},"_links":{"self":[{"href":"https:\/\/rompremartel.com\/en\/wp-json\/wp\/v2\/pages\/1786","targetHints":{"allow":["GET"]}}],"collection":[{"href":"https:\/\/rompremartel.com\/en\/wp-json\/wp\/v2\/pages"}],"about":[{"href":"https:\/\/rompremartel.com\/en\/wp-json\/wp\/v2\/types\/page"}],"author":[{"embeddable":true,"href":"https:\/\/rompremartel.com\/en\/wp-json\/wp\/v2\/users\/2"}],"replies":[{"embeddable":true,"href":"https:\/\/rompremartel.com\/en\/wp-json\/wp\/v2\/comments?post=1786"}],"version-history":[{"count":1,"href":"https:\/\/rompremartel.com\/en\/wp-json\/wp\/v2\/pages\/1786\/revisions"}],"predecessor-version":[{"id":2000,"href":"https:\/\/rompremartel.com\/en\/wp-json\/wp\/v2\/pages\/1786\/revisions\/2000"}],"wp:attachment":[{"href":"https:\/\/rompremartel.com\/en\/wp-json\/wp\/v2\/media?parent=1786"}],"curies":[{"name":"wp","href":"https:\/\/api.w.org\/{rel}","templated":true}]}}